{"id":1381,"date":"2010-01-10T21:07:49","date_gmt":"2010-01-10T19:07:49","guid":{"rendered":"http:\/\/www.ofze.hu\/w\/?page_id=1381"},"modified":"2014-01-17T01:42:41","modified_gmt":"2014-01-17T00:42:41","slug":"2009-80-ev-unnepi-hangverseny-dupla-dvd","status":"publish","type":"page","link":"https:\/\/www.ofze.hu\/w\/ofze-bolt\/termekek\/2009-80-ev-unnepi-hangverseny-dupla-dvd\/","title":{"rendered":"2009 &#8211; 80 \u00e9v &#8211; \u00fcnnepi hangverseny dupla DVD"},"content":{"rendered":"<p><img loading=\"lazy\" decoding=\"async\" class=\"aligncenter size-full wp-image-1382\" title=\"ofze_80dvd_borito\" alt=\"ofze_80dvd_borito\" src=\"http:\/\/www.ofze.hu\/w\/wp-content\/uploads\/2010\/01\/ofze_80dvd_borito.jpg\" width=\"550\" height=\"370\" srcset=\"https:\/\/www.ofze.hu\/w\/wp-content\/uploads\/2010\/01\/ofze_80dvd_borito.jpg 550w, https:\/\/www.ofze.hu\/w\/wp-content\/uploads\/2010\/01\/ofze_80dvd_borito-300x201.jpg 300w\" sizes=\"(max-width: 550px) 100vw, 550px\" \/><\/p>\n<p>A zenekar 80 \u00e9ves \u00fcnnepi hangverseny\u00e9nek teljes anyag\u00e1t tartalmaz\u00f3 dupla DVD.<\/p>\n<p>Egy falusz\u00e9li kov\u00e1csm\u0171helyben 1929-ben t\u00e1rogat\u00f3 hangja csend\u00fclt fel &#8211; sz\u00f3l zenekarunk megalakul\u00e1s\u00e1r\u00f3l a legenda. Most, 80 \u00e9vvel k\u00e9s\u0151bb a b\u00fcszke ut\u00f3dok \u00fcnnepi hangversenyt adtak, ezzel is tisztelegve az alap\u00edt\u00f3k el\u0151tt. Hamis\u00edtatlan f\u00fav\u00f3smuzsika k\u00e9pben \u00e9s hangban sok meglepet\u00e9ssel tark\u00edtva.<\/p>\n<p><strong>A dupla DVD \u00e1ra: 2.500 Ft \/9 \u20ac<\/strong><\/p>\n<p><strong>A lemezen l\u00e1that\u00f3 \u00e9s hallhat\u00f3<\/strong><\/p>\n<p>DVD 1<br \/>\nFranz Supp\u00e9: \u00dcnnepi nyit\u00e1ny<br \/>\nJay Bocook: Queen in Concert<br \/>\nKod\u00e1ly Zolt\u00e1n: H\u00e1ry J\u00e1nos &#8211; Intermezzo<br \/>\nBenny Goodman: The King of Swing<br \/>\nLeh\u00e1r Ferenc: Arany \u00e9s Ez\u00fcst &#8211; Kering\u0151<br \/>\nHector Berlioz: R\u00e1k\u00f3czi indul\u00f3<\/p>\n<p>DVD 2<br \/>\nBorsay Samu: Szamosmenti indul\u00f3<br \/>\nM. Musszorgszkij: Egy ki\u00e1ll\u00edt\u00e1s k\u00e9pei &#8211; r\u00e9szletek<br \/>\nAntonin Dvor\u00e1k\/Watz: The New World in Beat<br \/>\nLouis Prima: Sing sing sing<br \/>\nErkel Ferenc: D\u00f3zsa Gy\u00f6rgy &#8211; Fegyvert\u00e1nc<br \/>\nJohann Strauss: Mennyd\u00f6rg\u00e9s \u00e9s vill\u00e1ml\u00e1s<br \/>\nK\u00e1lm\u00e1n Imre: \u00d6rd\u00f6glovas &#8211; Palot\u00e1s<br \/>\nStellung: American Marchin&#8217; Dixie<br \/>\nM\u00fcller J\u00f3zsef: Fej\u00e9rv\u00e1ry indul\u00f3<br \/>\nJ. Strauss: \u00c9ljen a Magyar<\/p>\n<p>2009. okt\u00f3ber 2. Orosh\u00e1za, Pet\u0151fi M\u0171vel\u0151d\u00e9si K\u00f6zpont sz\u00ednh\u00e1zterme<\/p>\n<p><strong>Vez\u00e9nyel: K. T\u00f3th L\u00e1szl\u00f3<\/strong><\/p>\n","protected":false},"excerpt":{"rendered":"<p>A zenekar 80 \u00e9ves \u00fcnnepi hangverseny\u00e9nek teljes anyag\u00e1t tartalmaz\u00f3 dupla DVD. Egy falusz\u00e9li kov\u00e1csm\u0171helyben 1929-ben t\u00e1rogat\u00f3 hangja csend\u00fclt fel &#8211; sz\u00f3l zenekarunk megalakul\u00e1s\u00e1r\u00f3l a legenda. Most, 80 \u00e9vvel k\u00e9s\u0151bb a b\u00fcszke ut\u00f3dok \u00fcnnepi hangversenyt adtak, ezzel is tisztelegve az alap\u00edt\u00f3k el\u0151tt. Hamis\u00edtatlan f\u00fav\u00f3smuzsika k\u00e9pben \u00e9s hangban sok meglepet\u00e9ssel tark\u00edtva. A dupla DVD \u00e1ra: 2.500 Ft \/9 \u20ac A lemezen l\u00e1that\u00f3 \u00e9s hallhat\u00f3 DVD 1 Franz Supp\u00e9: \u00dcnnepi nyit\u00e1ny Jay Bocook: Queen in Concert Kod\u00e1ly Zolt\u00e1n: H\u00e1ry J\u00e1nos &#8211; Intermezzo Benny Goodman: The King of Swing Leh\u00e1r Ferenc: Arany \u00e9s Ez\u00fcst &#8211; Kering\u0151 Hector Berlioz: R\u00e1k\u00f3czi indul\u00f3 DVD 2 Borsay Samu:&#8230; <\/p>\n","protected":false},"author":2,"featured_media":1382,"parent":198,"menu_order":5,"comment_status":"open","ping_status":"closed","template":"","meta":{"ngg_post_thumbnail":0,"footnotes":""},"_links":{"self":[{"href":"https:\/\/www.ofze.hu\/w\/wp-json\/wp\/v2\/pages\/1381"}],"collection":[{"href":"https:\/\/www.ofze.hu\/w\/wp-json\/wp\/v2\/pages"}],"about":[{"href":"https:\/\/www.ofze.hu\/w\/wp-json\/wp\/v2\/types\/page"}],"author":[{"embeddable":true,"href":"https:\/\/www.ofze.hu\/w\/wp-json\/wp\/v2\/users\/2"}],"replies":[{"embeddable":true,"href":"https:\/\/www.ofze.hu\/w\/wp-json\/wp\/v2\/comments?post=1381"}],"version-history":[{"count":5,"href":"https:\/\/www.ofze.hu\/w\/wp-json\/wp\/v2\/pages\/1381\/revisions"}],"predecessor-version":[{"id":2302,"href":"https:\/\/www.ofze.hu\/w\/wp-json\/wp\/v2\/pages\/1381\/revisions\/2302"}],"up":[{"embeddable":true,"href":"https:\/\/www.ofze.hu\/w\/wp-json\/wp\/v2\/pages\/198"}],"wp:featuredmedia":[{"embeddable":true,"href":"https:\/\/www.ofze.hu\/w\/wp-json\/wp\/v2\/media\/1382"}],"wp:attachment":[{"href":"https:\/\/www.ofze.hu\/w\/wp-json\/wp\/v2\/media?parent=1381"}],"curies":[{"name":"wp","href":"https:\/\/api.w.org\/{rel}","templated":true}]}}