{"id":1786,"date":"2011-03-30T18:16:56","date_gmt":"2011-03-30T16:16:56","guid":{"rendered":"http:\/\/www.ofze.hu\/w\/?page_id=1786"},"modified":"2014-01-17T01:43:20","modified_gmt":"2014-01-17T00:43:20","slug":"2010-xxii-szilveszteri-hangverseny-dupla-dvd","status":"publish","type":"page","link":"https:\/\/www.ofze.hu\/w\/ofze-bolt\/termekek\/2010-xxii-szilveszteri-hangverseny-dupla-dvd\/","title":{"rendered":"2010 &#8211; XXII. Szilveszteri hangverseny dupla DVD"},"content":{"rendered":"<p><img loading=\"lazy\" decoding=\"async\" class=\"aligncenter size-full wp-image-1787\" title=\"110328_ofze_borito_2010\" alt=\"110328_ofze_borito_2010\" src=\"http:\/\/www.ofze.hu\/w\/wp-content\/uploads\/2011\/03\/110328_ofze_borito_2010.jpg\" width=\"500\" height=\"336\" srcset=\"https:\/\/www.ofze.hu\/w\/wp-content\/uploads\/2011\/03\/110328_ofze_borito_2010.jpg 500w, https:\/\/www.ofze.hu\/w\/wp-content\/uploads\/2011\/03\/110328_ofze_borito_2010-300x201.jpg 300w\" sizes=\"(max-width: 500px) 100vw, 500px\" \/><\/p>\n<p>A zenekar XXII. Szilveszteri hangverseny\u00e9nek teljes anyag\u00e1t tartalmaz\u00f3 dupla DVD.<\/p>\n<p>A k\u00f6nny\u0171zene domin\u00e1lt ezen a hangversenyen, sok humorral f\u0171szerezve. Bemutatkozott a zenekar \u00f6ttag\u00fa fiatal kamaraegy\u00fcttese, \u00e9s a h\u00e1rom bajornak \u00f6lt\u00f6z\u00f6tt trombit\u00e1st is kiszolg\u00e1lta egy hetyke bajor menyecske &#8211; s\u00f6rrel.<\/p>\n<p><strong>A dupla DVD \u00e1ra: 2.500 Ft \/9 \u20ac<\/strong><\/p>\n<p><strong>A lemezen l\u00e1that\u00f3 \u00e9s hallhat\u00f3<\/strong><\/p>\n<p>DVD 1<br \/>\n1, Sz\u00f6r\u00e9nyi &#8211; Br\u00f3dy: \u00dajra itt van&#8230;<br \/>\n2, Johann Strauss: Cig\u00e1nyb\u00e1r\u00f3 &#8211; Nyit\u00e1ny<br \/>\n3, Johannes Brahms: I. Magyar t\u00e1nc<br \/>\n4, L. Richie &#8211; M. Jackson: We are the World<br \/>\n5, Jacobi Victor: Le\u00e1nyv\u00e1s\u00e1r &#8211; Kering\u0151 (Egyveleg)<br \/>\n6, F\u00f3di J\u00e1nos: Franzl Polka<br \/>\n7, Hans Freivogel: Trompetenklang am Schauinsland<br \/>\n8, Kurt Gable: Beach Boys Golden Hits<\/p>\n<p>DVD2<br \/>\n1, Post Carpenter: The A-Team<br \/>\n2, Jerry Herman: Hello Dolly<br \/>\n3, Georg Stich: Eviva Espana Ol\u00e9<br \/>\n4, K\u00e1lm\u00e1n Imre: Cs\u00e1rd\u00e1skir\u00e1lyn\u0151 (Egyveleg)<br \/>\n5, Erkel Ferenc: Hunyadi L\u00e1szl\u00f3 &#8211; Palot\u00e1s<br \/>\n6, P. Meinhold &#8211; B. Egidus: Glenn Miller Story<br \/>\n7, Iving Berlin: Alexander&#8217;s Ragtime Band<br \/>\n8, Erkel Ferenc: D\u00f3zsa Gy\u00f6rgy &#8211; Fegyvert\u00e1nc<br \/>\n9, id. Johann Strauss: Radetzky indul\u00f3<\/p>\n<p>2010. december 29. Orosh\u00e1za, Pet\u0151fi M\u0171vel\u0151d\u00e9si K\u00f6zpont sz\u00ednh\u00e1zterme<\/p>\n<p>K\u00f6zrem\u0171k\u00f6dnek:<\/p>\n<p>Zombai Hagyom\u00e1ny\u0151rz\u0151 Egyes\u00fclet t\u00e1ncosai M\u0171v\u00e9szeti vezet\u0151: Tol\u00e1czi J\u00f3zsef<br \/>\nLiszt Ferenc Alapfok\u00fa M\u0171v\u00e9szetoktat\u00e1si Int\u00e9zm\u00e9ny mazsorett csoportja Felk\u00e9sz\u00edt\u0151 tan\u00e1r: Keresztesn\u00e9 De\u00e1k Andrea<br \/>\nZenekarunk \u00e9nekese, Szegi Katalin<br \/>\nZenekarunk kamaracsoportja: Nyilas T\u00edmea, Tarapcsik L\u00e1szl\u00f3, Tarapcsik Ildik\u00f3, Boros Andr\u00e1s, Gy\u00f6rgyi P\u00e9ter<\/p>\n<p><strong>Vez\u00e9nyel: K. T\u00f3th L\u00e1szl\u00f3<\/strong><\/p>\n","protected":false},"excerpt":{"rendered":"<p>A zenekar XXII. Szilveszteri hangverseny\u00e9nek teljes anyag\u00e1t tartalmaz\u00f3 dupla DVD. A k\u00f6nny\u0171zene domin\u00e1lt ezen a hangversenyen, sok humorral f\u0171szerezve. Bemutatkozott a zenekar \u00f6ttag\u00fa fiatal kamaraegy\u00fcttese, \u00e9s a h\u00e1rom bajornak \u00f6lt\u00f6z\u00f6tt trombit\u00e1st is kiszolg\u00e1lta egy hetyke bajor menyecske &#8211; s\u00f6rrel. A dupla DVD \u00e1ra: 2.500 Ft \/9 \u20ac A lemezen l\u00e1that\u00f3 \u00e9s hallhat\u00f3 DVD 1 1, Sz\u00f6r\u00e9nyi &#8211; Br\u00f3dy: \u00dajra itt van&#8230; 2, Johann Strauss: Cig\u00e1nyb\u00e1r\u00f3 &#8211; Nyit\u00e1ny 3, Johannes Brahms: I. Magyar t\u00e1nc 4, L. Richie &#8211; M. Jackson: We are the World 5, Jacobi Victor: Le\u00e1nyv\u00e1s\u00e1r &#8211; Kering\u0151 (Egyveleg) 6, F\u00f3di J\u00e1nos: Franzl Polka 7, Hans Freivogel: Trompetenklang am&#8230; <\/p>\n","protected":false},"author":2,"featured_media":1787,"parent":198,"menu_order":3,"comment_status":"open","ping_status":"closed","template":"","meta":{"ngg_post_thumbnail":0,"footnotes":""},"_links":{"self":[{"href":"https:\/\/www.ofze.hu\/w\/wp-json\/wp\/v2\/pages\/1786"}],"collection":[{"href":"https:\/\/www.ofze.hu\/w\/wp-json\/wp\/v2\/pages"}],"about":[{"href":"https:\/\/www.ofze.hu\/w\/wp-json\/wp\/v2\/types\/page"}],"author":[{"embeddable":true,"href":"https:\/\/www.ofze.hu\/w\/wp-json\/wp\/v2\/users\/2"}],"replies":[{"embeddable":true,"href":"https:\/\/www.ofze.hu\/w\/wp-json\/wp\/v2\/comments?post=1786"}],"version-history":[{"count":7,"href":"https:\/\/www.ofze.hu\/w\/wp-json\/wp\/v2\/pages\/1786\/revisions"}],"predecessor-version":[{"id":2305,"href":"https:\/\/www.ofze.hu\/w\/wp-json\/wp\/v2\/pages\/1786\/revisions\/2305"}],"up":[{"embeddable":true,"href":"https:\/\/www.ofze.hu\/w\/wp-json\/wp\/v2\/pages\/198"}],"wp:featuredmedia":[{"embeddable":true,"href":"https:\/\/www.ofze.hu\/w\/wp-json\/wp\/v2\/media\/1787"}],"wp:attachment":[{"href":"https:\/\/www.ofze.hu\/w\/wp-json\/wp\/v2\/media?parent=1786"}],"curies":[{"name":"wp","href":"https:\/\/api.w.org\/{rel}","templated":true}]}}