{"id":2,"date":"2009-05-20T11:58:30","date_gmt":"2009-05-20T09:58:30","guid":{"rendered":"http:\/\/www.ofze.hu\/w\/?page_id=2"},"modified":"2022-01-31T10:20:27","modified_gmt":"2022-01-31T09:20:27","slug":"tortenetunk","status":"publish","type":"page","link":"https:\/\/www.ofze.hu\/w\/tortenetunk\/","title":{"rendered":"T\u00f6rt\u00e9net\u00fcnk"},"content":{"rendered":"\n<p>F\u00fav\u00f3szenekarunkat el\u0151deink 1929-ben alap\u00edtott\u00e1k meg Orosh\u00e1z\u00e1n, amely Magyarorsz\u00e1g d\u00e9lkeleti r\u00e9sz\u00e9n tal\u00e1lhat\u00f3. A megalakul\u00e1s ut\u00e1n az egy\u00fcttes az \u00d6nk\u00e9ntes T\u0171zolt\u00f3 Egyes\u00fclet keretein bel\u00fcl tev\u00e9kenykedett.<\/p>\n\n\n\n<blockquote class=\"wp-block-quote is-layout-flow wp-block-quote-is-layout-flow\"><p><strong>Rendezv\u00e9nyszervez\u0151knek kis seg\u00edts\u00e9g: <a href=\"http:\/\/www.ofze.hu\/w\/about\/bemutatkozo-fellepesekhez\/\" target=\"_blank\" rel=\"noopener noreferrer\">ide kattintva tal\u00e1lj\u00e1k<\/a> a r\u00f6vid t\u00f6rt\u00e9netet, amit a fell\u00e9p\u00e9sek el\u0151tt felolvashatnak r\u00f3lunk.<\/strong><\/p><\/blockquote>\n\n\n\n<p>A zenekar els\u0151 karmestere <em>Nagy Imre<\/em> volt, aki maga is j\u00e1tszott trombit\u00e1sk\u00e9nt a band\u00e1ban.<\/p>\n\n\n\n<figure class=\"wp-block-image\"><img loading=\"lazy\" decoding=\"async\" width=\"800\" height=\"535\" src=\"http:\/\/www.ofze.hu\/w\/wp-content\/uploads\/2019\/07\/zenekari_alapitok1929.jpg\" alt=\"\" class=\"wp-image-3276\" srcset=\"https:\/\/www.ofze.hu\/w\/wp-content\/uploads\/2019\/07\/zenekari_alapitok1929.jpg 800w, https:\/\/www.ofze.hu\/w\/wp-content\/uploads\/2019\/07\/zenekari_alapitok1929-300x201.jpg 300w, https:\/\/www.ofze.hu\/w\/wp-content\/uploads\/2019\/07\/zenekari_alapitok1929-768x514.jpg 768w\" sizes=\"(max-width: 800px) 100vw, 800px\" \/><figcaption>K\u00f6z\u00e9pen Nagy Imre, a zenekar els\u0151 karnagya<\/figcaption><\/figure>\n\n\n\n<p>A II. vil\u00e1gh\u00e1bor\u00fa a zen\u00e9szek \u00e9let\u00e9ben is komoly nyomokat hagyott, de azt k\u00f6vet\u0151en ism\u00e9t \u00f6ssze\u00e1lltak. Nagyon sok fell\u00e9p\u00e9s\u00fck volt, hiszen akkor a megy\u00e9ben szinte egyed\u00fcli zenekark\u00e9nt m\u0171k\u00f6dtek, s a kor divatj\u00e1nak megfelel\u0151en indul\u00f3kat, polk\u00e1kat, operett r\u00e9szleteket j\u00e1tszottak Szab\u00f3 Mih\u00e1ly vezet\u00e9s\u00e9vel. <\/p>\n\n\n\n<figure class=\"wp-block-image\"><img loading=\"lazy\" decoding=\"async\" width=\"800\" height=\"600\" src=\"http:\/\/www.ofze.hu\/w\/wp-content\/uploads\/2019\/07\/szabo_mihaly_karnagy.jpg\" alt=\"\" class=\"wp-image-3278\" srcset=\"https:\/\/www.ofze.hu\/w\/wp-content\/uploads\/2019\/07\/szabo_mihaly_karnagy.jpg 800w, https:\/\/www.ofze.hu\/w\/wp-content\/uploads\/2019\/07\/szabo_mihaly_karnagy-300x225.jpg 300w, https:\/\/www.ofze.hu\/w\/wp-content\/uploads\/2019\/07\/szabo_mihaly_karnagy-768x576.jpg 768w\" sizes=\"(max-width: 800px) 100vw, 800px\" \/><\/figure>\n\n\n\n<p>A szakmai vezet\u00e9st Szab\u00f3 Mih\u00e1ly 27 \u00e9v ut\u00e1n, 1963-ban adta \u00e1t a zenekar egyik tagj\u00e1nak, K. T\u00f3th Lajosnak, aki tov\u00e1bb vitte a f\u00fav\u00f3sok hagyom\u00e1nyait.<\/p>\n\n\n\n<figure class=\"wp-block-image\"><img loading=\"lazy\" decoding=\"async\" width=\"800\" height=\"472\" src=\"http:\/\/www.ofze.hu\/w\/wp-content\/uploads\/2019\/07\/tuzoltozenekar_ktohlajos_karnagy_1963.jpg\" alt=\"\" class=\"wp-image-3280\" srcset=\"https:\/\/www.ofze.hu\/w\/wp-content\/uploads\/2019\/07\/tuzoltozenekar_ktohlajos_karnagy_1963.jpg 800w, https:\/\/www.ofze.hu\/w\/wp-content\/uploads\/2019\/07\/tuzoltozenekar_ktohlajos_karnagy_1963-300x177.jpg 300w, https:\/\/www.ofze.hu\/w\/wp-content\/uploads\/2019\/07\/tuzoltozenekar_ktohlajos_karnagy_1963-768x453.jpg 768w\" sizes=\"(max-width: 800px) 100vw, 800px\" \/><figcaption>A bal sz\u00e9len el\u00f6l K. T\u00f3th Lajos karmester<\/figcaption><\/figure>\n\n\n\n<p>1979-t\u0151l V\u00e1rosi F\u00fav\u00f3szenekark\u00e9nt tev\u00e9kenykedtek tov\u00e1bb a M\u0171vel\u0151d\u00e9si H\u00e1z keretein bel\u00fcl. A f\u00fav\u00f3szenekarok orsz\u00e1gos min\u0151s\u00edt\u00e9s\u00e9n el\u0151sz\u00f6r bronz, majd ez\u00fcst diplom\u00e1t szereztek.<\/p>\n\n\n\n<h2 class=\"wp-block-heading\">K. T\u00f3th ut\u00e1n K. T\u00f3th<\/h2>\n\n\n\n<p>1982-ben K. T\u00f3th L\u00e1szl\u00f3 \u00e9desapj\u00e1t\u00f3l vette \u00e1t a karmesteri p\u00e1lc\u00e1t. Val\u00f3j\u00e1ban ekkor fiatalodott meg az egy\u00fcttes, a feln\u0151tt zen\u00e9szek mellett egyre t\u00f6bb \u00e1ltal\u00e1nos iskolai \u00e9s k\u00f6z\u00e9piskol\u00e1s di\u00e1k ker\u00fclt. Ebben az id\u0151szakban a reperto\u00e1r is jelent\u0151sen v\u00e1ltozott, a komolyzen\u00e9t\u0151l a dixielandig minden megtal\u00e1lhat\u00f3 volt.<\/p>\n\n\n\n<figure class=\"wp-block-image\"><img loading=\"lazy\" decoding=\"async\" width=\"800\" height=\"558\" src=\"http:\/\/www.ofze.hu\/w\/wp-content\/uploads\/2019\/07\/zenekar_1989.jpg\" alt=\"\" class=\"wp-image-3281\" srcset=\"https:\/\/www.ofze.hu\/w\/wp-content\/uploads\/2019\/07\/zenekar_1989.jpg 800w, https:\/\/www.ofze.hu\/w\/wp-content\/uploads\/2019\/07\/zenekar_1989-300x209.jpg 300w, https:\/\/www.ofze.hu\/w\/wp-content\/uploads\/2019\/07\/zenekar_1989-768x536.jpg 768w\" sizes=\"(max-width: 800px) 100vw, 800px\" \/><figcaption>A K. T\u00f3th L\u00e1szl\u00f3 vezette f\u00fav\u00f3szenekar<\/figcaption><\/figure>\n\n\n\n<p>Orosh\u00e1z\u00e1n t\u00f6bb hagyom\u00e1nyt teremtett\u00fcnk: amire a legb\u00fcszk\u00e9bbek vagyunk, az a <a href=\"http:\/\/www.ofze.hu\/w\/?tag=evangelikus\" target=\"_blank\" rel=\"noopener noreferrer\">v\u00e1rosunk alap\u00edt\u00e1s\u00e1nak \u00e9vfordul\u00f3j\u00e1n adott komolyzenei hangverseny\u00fcnk<\/a>, amit 1969 \u00f3ta rendszeresen megtartunk az Evang\u00e9likus Templomban. M\u00e1sik b\u00fcszkes\u00e9g\u00fcnk a <a href=\"http:\/\/www.ofze.hu\/w\/?tag=szilveszteri-hangverseny\" target=\"_blank\" rel=\"noopener noreferrer\">Szilveszteri hangverseny<\/a>, melyet 1989-ben rendezt\u00fcnk el\u0151sz\u00f6r, \u00e9s az\u00f3ta minden \u00e9vben nagy sikert arat.<\/p>\n\n\n\n<p>2004-ben ind\u00edtottuk el Orosh\u00e1z\u00e1n a <a href=\"http:\/\/www.ofze.hu\/w\/?tag=furdovarosok_fesztivalja\" target=\"_blank\" rel=\"noopener noreferrer\">F\u00fcrd\u0151v\u00e1rosok F\u00fav\u00f3szenekarainak Fesztiv\u00e1lj\u00e1t<\/a>. Sz\u00e1mos f\u00fav\u00f3stal\u00e1lkoz\u00f3n szerepelt\u00fcnk kiemelked\u0151 sikerrel, s a sok megh\u00edv\u00e1snak k\u00f6sz\u00f6nhet\u0151en j\u00e1rtunk m\u00e1r Lengyelorsz\u00e1gban, Finnorsz\u00e1gban, N\u00e9metorsz\u00e1gban \u00e9s Rom\u00e1ni\u00e1ban is. Magyarorsz\u00e1gon is sokat zen\u00e9l\u00fcnk, \u00e9vente \u00e1ltal\u00e1ban 40-45 fell\u00e9p\u00e9snek tesz\u00fcnk eleget.<\/p>\n\n\n\n<figure class=\"wp-block-image\"><img loading=\"lazy\" decoding=\"async\" width=\"1024\" height=\"680\" src=\"http:\/\/www.ofze.hu\/w\/wp-content\/uploads\/2019\/07\/110423_42.templomi_k_toth_laszlo-1024x680.jpg\" alt=\"\" class=\"wp-image-3287\" srcset=\"https:\/\/www.ofze.hu\/w\/wp-content\/uploads\/2019\/07\/110423_42.templomi_k_toth_laszlo-1024x680.jpg 1024w, https:\/\/www.ofze.hu\/w\/wp-content\/uploads\/2019\/07\/110423_42.templomi_k_toth_laszlo-300x199.jpg 300w, https:\/\/www.ofze.hu\/w\/wp-content\/uploads\/2019\/07\/110423_42.templomi_k_toth_laszlo-768x510.jpg 768w, https:\/\/www.ofze.hu\/w\/wp-content\/uploads\/2019\/07\/110423_42.templomi_k_toth_laszlo.jpg 1500w\" sizes=\"(max-width: 1024px) 100vw, 1024px\" \/><figcaption> K. T\u00f3th L\u00e1szl\u00f3 1982-2012 k\u00f6z\u00f6tt vezette a zenekart <\/figcaption><\/figure>\n\n\n\n<p>A F\u00fav\u00f3szenekarok Orsz\u00e1gos Min\u0151s\u00edt\u00e9s\u00e9n 2005-ben h\u00e1rom kateg\u00f3ri\u00e1ban &#8211; Koncertzenekari, Menetzenekari \u00e9s Showzenekari &#8211; v\u00e1llaltuk a megm\u00e9rettet\u00e9st, \u00e9s mindh\u00e1rom kateg\u00f3ri\u00e1ban \u201eKiemelt Arany Diploma&#8221; min\u0151s\u00edt\u00e9st \u00e9rt\u00fcnk el.<\/p>\n\n\n\n<h2 class=\"wp-block-heading\">Karmesterv\u00e1lt\u00e1s 30 \u00e9v ut\u00e1n<\/h2>\n\n\n\n<p>Nagy v\u00e1ltoz\u00e1st hozott a 2012-es \u00e9v zenekarunk \u00e9let\u00e9ben, hiszen K. T\u00f3th L\u00e1szl\u00f3 55 \u00e9v zenekari tags\u00e1g \u00e9s 30 \u00e9v karmesters\u00e9g ut\u00e1n 2011 v\u00e9g\u00e9n visszavonult. <\/p>\n\n\n\n<figure class=\"wp-block-image\"><img loading=\"lazy\" decoding=\"async\" width=\"1024\" height=\"681\" src=\"http:\/\/www.ofze.hu\/w\/wp-content\/uploads\/2019\/07\/120423_fabok_laszlo_templomi-1024x681.jpg\" alt=\"\" class=\"wp-image-3289\" srcset=\"https:\/\/www.ofze.hu\/w\/wp-content\/uploads\/2019\/07\/120423_fabok_laszlo_templomi-1024x681.jpg 1024w, https:\/\/www.ofze.hu\/w\/wp-content\/uploads\/2019\/07\/120423_fabok_laszlo_templomi-300x200.jpg 300w, https:\/\/www.ofze.hu\/w\/wp-content\/uploads\/2019\/07\/120423_fabok_laszlo_templomi-768x511.jpg 768w, https:\/\/www.ofze.hu\/w\/wp-content\/uploads\/2019\/07\/120423_fabok_laszlo_templomi.jpg 1500w\" sizes=\"(max-width: 1024px) 100vw, 1024px\" \/><figcaption> Fab\u00f3k L\u00e1szl\u00f3 2012-2016 volt az egy\u00fcttes karmestere<\/figcaption><\/figure>\n\n\n\n<p>Ut\u00f3dj\u00e1nak egykori tan\u00edtv\u00e1ny\u00e1t, <a rel=\"noopener noreferrer\" href=\"http:\/\/www.ofze.hu\/w\/?p=1815\" target=\"_blank\">Fab\u00f3k L\u00e1szl\u00f3 k\u00fcrtm\u0171v\u00e9szt v\u00e1lasztotta meg<\/a> egyhang\u00falag az egyes\u00fclet k\u00f6zgy\u0171l\u00e9se \u00e9s a zenekar tags\u00e1ga.  A fiatal \u00e9s amb\u00edci\u00f3zus szakember \u00e9rkez\u00e9s\u00e9vel \u00faj kih\u00edv\u00e1sok, \u00faj impulzusok \u00e9rt\u00e9k a zenekart.<\/p>\n\n\n\n<h2 class=\"wp-block-heading\">Karmesterkering\u0151<\/h2>\n\n\n\n<p><a rel=\"noopener noreferrer\" href=\"http:\/\/www.ofze.hu\/w\/2011\/04\/30\/uj-karnagy-a-zenekar-elen\/\" target=\"_blank\">T\u00f6bb mint 4 \u00e9vnyi k\u00f6z\u00f6s munka<\/a>, pr\u00f3b\u00e1k \u00e9s zajos sikerek ut\u00e1n 2016 \u00e1prilis\u00e1ban elk\u00f6sz\u00f6nt t\u0151l\u00fcnk Fab\u00f3k L\u00e1szl\u00f3 karnagy.<\/p>\n\n\n\n<p>A\u00a0b\u00e9k\u00e9scsabai sz\u00e1rmaz\u00e1s\u00fa, de Orosh\u00e1z\u00e1n tan\u00edt\u00f3 <a rel=\"noopener noreferrer\" href=\"http:\/\/www.ofze.hu\/w\/2016\/06\/07\/majustol-putnoki-zsolt-vezenyel-minket\/\" target=\"_blank\">Putnoki Zsolt m\u0171v\u00e9sztan\u00e1r elv\u00e1llalta a karmesteri felk\u00e9r\u00e9st<\/a>, \u00edgy <a rel=\"noopener noreferrer\" href=\"http:\/\/www.ofze.hu\/w\/2016\/06\/16\/uj-karnaggyal-indul-a-nyarnak-a-fuvoszenekar-video\/\" target=\"_blank\">2016 m\u00e1jus\u00e1t\u00f3l \u0151 vezette a zenekar szakmai munk\u00e1j\u00e1t<\/a>. A k\u00f6z\u00f6s munka nem tartott sok\u00e1ig, hiszen csal\u00e1di okok miatt Budapestre k\u00f6lt\u00f6z\u00f6tt.<\/p>\n\n\n\n<figure class=\"wp-block-image\"><img loading=\"lazy\" decoding=\"async\" width=\"1024\" height=\"636\" src=\"http:\/\/www.ofze.hu\/w\/wp-content\/uploads\/2019\/07\/160610_putnoki_zsolt_karnagy-1024x636.jpg\" alt=\"\" class=\"wp-image-3291\" srcset=\"https:\/\/www.ofze.hu\/w\/wp-content\/uploads\/2019\/07\/160610_putnoki_zsolt_karnagy-1024x636.jpg 1024w, https:\/\/www.ofze.hu\/w\/wp-content\/uploads\/2019\/07\/160610_putnoki_zsolt_karnagy-300x186.jpg 300w, https:\/\/www.ofze.hu\/w\/wp-content\/uploads\/2019\/07\/160610_putnoki_zsolt_karnagy-768x477.jpg 768w, https:\/\/www.ofze.hu\/w\/wp-content\/uploads\/2019\/07\/160610_putnoki_zsolt_karnagy.jpg 1500w\" sizes=\"(max-width: 1024px) 100vw, 1024px\" \/><figcaption>Putnoki Zsolt<\/figcaption><\/figure>\n\n\n\n<p>Az egyes\u00fclet vezet\u00e9se az orosh\u00e1zi m\u0171v\u00e9szeti iskola igazgat\u00f3j\u00e1val, <a rel=\"noopener noreferrer\" href=\"http:\/\/www.ofze.hu\/w\/2016\/11\/14\/ujabb-valtas-koszegi-nemeth-jozsef-a-zenekar-karnagya\/\" target=\"_blank\">K\u0151szegi-N\u00e9meth J\u00f3zsef \u00e9nekm\u0171v\u00e9sszel, m\u0171v\u00e9sztan\u00e1rral k\u00f6t\u00f6tt szerz\u0151d\u00e9st<\/a>, aki 2016 szeptember\u00e9ben vette \u00e1t a szakmai munk\u00e1t. Vezet\u00e9s\u00e9vel komoly sikert arattunk a 2016-os 27. Szilveszteri hangversenyen \u00e9s a 2017-es 47. Templomi hangversenyen. <\/p>\n\n\n\n<figure class=\"wp-block-image\"><img loading=\"lazy\" decoding=\"async\" width=\"1024\" height=\"683\" src=\"http:\/\/www.ofze.hu\/w\/wp-content\/uploads\/2019\/07\/161229_koszegi_nemeth_jozsef_karnagy-1024x683.jpg\" alt=\"\" class=\"wp-image-3284\" srcset=\"https:\/\/www.ofze.hu\/w\/wp-content\/uploads\/2019\/07\/161229_koszegi_nemeth_jozsef_karnagy-1024x683.jpg 1024w, https:\/\/www.ofze.hu\/w\/wp-content\/uploads\/2019\/07\/161229_koszegi_nemeth_jozsef_karnagy-300x200.jpg 300w, https:\/\/www.ofze.hu\/w\/wp-content\/uploads\/2019\/07\/161229_koszegi_nemeth_jozsef_karnagy-768x512.jpg 768w, https:\/\/www.ofze.hu\/w\/wp-content\/uploads\/2019\/07\/161229_koszegi_nemeth_jozsef_karnagy.jpg 1500w\" sizes=\"(max-width: 1024px) 100vw, 1024px\" \/><figcaption>K\u0151szegi-N\u00e9meth J\u00f3zsef<\/figcaption><\/figure>\n\n\n\n<p>Hosszabb t\u00e1vra tervezt\u00fcnk, de az \u00e9let megint m\u00e1sk\u00e9nt alak\u00edtotta a terveket. Csal\u00e1di okok miatt K\u0151szegi-N\u00e9meth J\u00f3zsef 2017 augusztus\u00e1ban elk\u00f6lt\u00f6z\u00f6tt Orosh\u00e1z\u00e1r\u00f3l, \u00edgy \u00fajabb karmesterkeres\u00e9s kezd\u0151d\u00f6tt.<\/p>\n\n\n\n<h2 class=\"wp-block-heading\">Fiatal szakember a zenekar \u00e9l\u00e9n<\/h2>\n\n\n\n<p>V\u00e9g\u00fcl Debreczeni M\u00e1rk kapta meg a felk\u00e9r\u00e9st, \u00edgy <a href=\"http:\/\/www.ofze.hu\/w\/2017\/08\/24\/ujabb-valtas-augusztus-vegetol-debreczeni-mark-a-karnagyunk\/\">2017 szeptember\u00e9t\u0151l a fiatal k\u00fcrtm\u0171v\u00e9sz, karmester vezeti<\/a> a zenekar szakmai munk\u00e1j\u00e1t. Szem\u00e9ly\u00e9ben egy k\u00e9pzett \u00e9s nagy amb\u00edci\u00f3val rendelkez\u0151 karmester \u00e9rkezett hozz\u00e1nk.<\/p>\n\n\n\n<figure class=\"wp-block-image\"><img loading=\"lazy\" decoding=\"async\" width=\"1024\" height=\"683\" src=\"http:\/\/www.ofze.hu\/w\/wp-content\/uploads\/2019\/07\/181229_debreczeni_mark_karnagy_szilveszteri-1024x683.jpg\" alt=\"\" class=\"wp-image-3030\" srcset=\"https:\/\/www.ofze.hu\/w\/wp-content\/uploads\/2019\/07\/181229_debreczeni_mark_karnagy_szilveszteri-1024x683.jpg 1024w, https:\/\/www.ofze.hu\/w\/wp-content\/uploads\/2019\/07\/181229_debreczeni_mark_karnagy_szilveszteri-300x200.jpg 300w, https:\/\/www.ofze.hu\/w\/wp-content\/uploads\/2019\/07\/181229_debreczeni_mark_karnagy_szilveszteri-768x512.jpg 768w\" sizes=\"(max-width: 1024px) 100vw, 1024px\" \/><figcaption>Debreczeni M\u00e1rk<\/figcaption><\/figure>\n\n\n\n<p>Debreczeni M\u00e1rk 1991-ben sz\u00fcletett, \u00e9s m\u00e1r kisgyermek kor\u00e1ban megfert\u0151zte a zene, azon bel\u00fcl is a f\u00fav\u00f3szene, hiszen \u00e9desapja a csorv\u00e1si m\u0171v\u00e9szeti iskola igazgat\u00f3ja, tan\u00e1ra, \u00e9s az ottani f\u00fav\u00f3szenekar karmestere. M\u00e1rk el\u0151bb zongor\u00e1zni, majd trombit\u00e1lni tanult, a zenem\u0171v\u00e9szeti k\u00f6z\u00e9piskol\u00e1t viszont m\u00e1r k\u00fcrt szakon kezdte, v\u00e9g\u00fcl 2015-ben diplom\u00e1zott a Debreceni Egyetem Zenem\u0171v\u00e9szeti Kar\u00e1n k\u00fcrt- \u00e9s karmester szakon.\u00a0<\/p>\n\n\n\n<blockquote class=\"wp-block-quote is-layout-flow wp-block-quote-is-layout-flow\"><p>A zenekar 90 \u00e9v\u00e9r\u0151l k\u00e9sz\u00edtett fot\u00f3v\u00e1logat\u00e1s <a rel=\"noreferrer noopener\" aria-label=\"ide kattintva (opens in a new tab)\" href=\"http:\/\/www.ofze.hu\/w\/tortenetunk\/multunk-kepekben\/\" target=\"_blank\">ide kattintva<\/a> n\u00e9zhet\u0151 meg.<\/p><\/blockquote>\n","protected":false},"excerpt":{"rendered":"<p>F\u00fav\u00f3szenekarunkat el\u0151deink 1929-ben alap\u00edtott\u00e1k meg Orosh\u00e1z\u00e1n, amely Magyarorsz\u00e1g d\u00e9lkeleti r\u00e9sz\u00e9n tal\u00e1lhat\u00f3. A megalakul\u00e1s ut\u00e1n az egy\u00fcttes az \u00d6nk\u00e9ntes T\u0171zolt\u00f3 Egyes\u00fclet keretein bel\u00fcl tev\u00e9kenykedett. Rendezv\u00e9nyszervez\u0151knek kis seg\u00edts\u00e9g: ide kattintva tal\u00e1lj\u00e1k a r\u00f6vid t\u00f6rt\u00e9netet, amit a fell\u00e9p\u00e9sek el\u0151tt felolvashatnak r\u00f3lunk. A zenekar els\u0151 karmestere Nagy Imre volt, aki maga is j\u00e1tszott trombit\u00e1sk\u00e9nt a band\u00e1ban. A II. vil\u00e1gh\u00e1bor\u00fa a zen\u00e9szek \u00e9let\u00e9ben is komoly nyomokat hagyott, de azt k\u00f6vet\u0151en ism\u00e9t \u00f6ssze\u00e1lltak. Nagyon sok fell\u00e9p\u00e9s\u00fck volt, hiszen akkor a megy\u00e9ben szinte egyed\u00fcli zenekark\u00e9nt m\u0171k\u00f6dtek, s a kor divatj\u00e1nak megfelel\u0151en indul\u00f3kat, polk\u00e1kat, operett r\u00e9szleteket j\u00e1tszottak Szab\u00f3 Mih\u00e1ly vezet\u00e9s\u00e9vel. A szakmai vezet\u00e9st Szab\u00f3 Mih\u00e1ly 27 \u00e9v ut\u00e1n,&#8230; <\/p>\n","protected":false},"author":4,"featured_media":3070,"parent":0,"menu_order":0,"comment_status":"closed","ping_status":"closed","template":"","meta":{"ngg_post_thumbnail":0,"footnotes":""},"_links":{"self":[{"href":"https:\/\/www.ofze.hu\/w\/wp-json\/wp\/v2\/pages\/2"}],"collection":[{"href":"https:\/\/www.ofze.hu\/w\/wp-json\/wp\/v2\/pages"}],"about":[{"href":"https:\/\/www.ofze.hu\/w\/wp-json\/wp\/v2\/types\/page"}],"author":[{"embeddable":true,"href":"https:\/\/www.ofze.hu\/w\/wp-json\/wp\/v2\/users\/4"}],"replies":[{"embeddable":true,"href":"https:\/\/www.ofze.hu\/w\/wp-json\/wp\/v2\/comments?post=2"}],"version-history":[{"count":38,"href":"https:\/\/www.ofze.hu\/w\/wp-json\/wp\/v2\/pages\/2\/revisions"}],"predecessor-version":[{"id":3392,"href":"https:\/\/www.ofze.hu\/w\/wp-json\/wp\/v2\/pages\/2\/revisions\/3392"}],"wp:featuredmedia":[{"embeddable":true,"href":"https:\/\/www.ofze.hu\/w\/wp-json\/wp\/v2\/media\/3070"}],"wp:attachment":[{"href":"https:\/\/www.ofze.hu\/w\/wp-json\/wp\/v2\/media?parent=2"}],"curies":[{"name":"wp","href":"https:\/\/api.w.org\/{rel}","templated":true}]}}