{"id":243,"date":"2009-05-26T09:40:38","date_gmt":"2009-05-26T07:40:38","guid":{"rendered":"http:\/\/www.ofze.hu\/w\/?page_id=243"},"modified":"2014-01-17T01:42:15","modified_gmt":"2014-01-17T00:42:15","slug":"xx-szilveszteri-hangverseny","status":"publish","type":"page","link":"https:\/\/www.ofze.hu\/w\/ofze-bolt\/termekek\/xx-szilveszteri-hangverseny\/","title":{"rendered":"2008 &#8211; XX. Szilveszteri hangverseny dupla DVD"},"content":{"rendered":"<p><img loading=\"lazy\" decoding=\"async\" class=\"aligncenter size-full wp-image-245\" title=\"XX. Szilveszteri hangverseny DVD bor\u00edt\u00f3\" alt=\"XX. Szilveszteri hangverseny DVD bor\u00edt\u00f3\" src=\"http:\/\/www.ofze.hu\/w\/wp-content\/uploads\/2009\/05\/dvd_08_ofze_boltba1.jpg\" width=\"500\" height=\"335\" srcset=\"https:\/\/www.ofze.hu\/w\/wp-content\/uploads\/2009\/05\/dvd_08_ofze_boltba1.jpg 500w, https:\/\/www.ofze.hu\/w\/wp-content\/uploads\/2009\/05\/dvd_08_ofze_boltba1-300x201.jpg 300w\" sizes=\"(max-width: 500px) 100vw, 500px\" \/><\/p>\n<p>A zenekar jubileumi, XX. Szilveszteri hangverseny\u00e9nek teljes anyag\u00e1t tartalmaz\u00f3 dupla DVD.<\/p>\n<p>A zen\u00e9s, t\u00e1ncos darabok val\u00f3di \u00f6nfeledt sz\u00f3rakoz\u00e1st ny\u00fajtottak a k\u00e9t telth\u00e1zas el\u0151ad\u00e1s k\u00f6z\u00f6ns\u00e9g\u00e9nek. Ha ott volt valamelyik koncerten, most \u00fajra \u00e1t\u00e9lheti az \u00e9lm\u00e9nyt, melyet 5 kamer\u00e1val r\u00f6gz\u00edtett\u00fcnk. Ha lemaradt a <a href=\"http:\/\/www.ofze.hu\/w\/?p=9\" target=\"_blank\">hangversenyr\u0151l<\/a>, odavar\u00e1zsoljuk a sz\u00ednh\u00e1zterem n\u00e9z\u0151ter\u00e9re 109 perc erej\u00e9ig.<\/p>\n<p><strong>A dupla DVD \u00e1ra: 2.500 Ft \/9 \u20ac<\/strong><\/p>\n<p><strong>A lemezen l\u00e1that\u00f3 \u00e9s hallhat\u00f3<\/strong><\/p>\n<p>DVD 1<br \/>\n1, Johann Strauss: Denev\u00e9r Nyit\u00e1ny<br \/>\n2, Nino Rota: Az orsz\u00e1g\u00faton<br \/>\n3, Louis Prima: Just a Gigolo<br \/>\n4, Laurens Van Rooyen: La Grand Parade<br \/>\n5, K\u00e1lm\u00e1n Imre: Egy dr\u00e1ga szemp\u00e1r&#8230;<br \/>\n6, D\u00e9s L\u00e1szl\u00f3: A zene az kell<br \/>\n7, Mikis Theodorakisz: Sirtaki<\/p>\n<p>DVD2<br \/>\n1, Bill Conti: Gonna Fly Now<br \/>\n2, K\u00e1lm\u00e1n Imre: Kis h\u00fagom l\u00e9gy vid\u00e1m<br \/>\n3, Emile Waldteufel: Korcsoly\u00e1z\u00f3k kering\u0151<br \/>\n4, Huszka Jen\u0151: D\u00e9lib\u00e1bos Hortob\u00e1gyon<br \/>\n5, A. L. Webber: Szimf\u00f3nikus portr\u00e9k<br \/>\n6, K\u00e1lm\u00e1n Imre: Carambolina<br \/>\n7, James Rado: Hair<br \/>\n8, Jacques Offenbach: Orfeusz az alvil\u00e1gban &#8211; k\u00e1n-k\u00e1n<br \/>\n9, Jean Treves: Samba for Band<br \/>\n10, K\u00e1lm\u00e1n Imre: M\u0171v\u00e9sz himnusz<br \/>\n11, Id. Johann Strauss: Radetzky indul\u00f3<\/p>\n<p>2008. december 29. Orosh\u00e1za, Pet\u0151fi M\u0171vel\u0151d\u00e9si K\u00f6zpont sz\u00ednh\u00e1zterme<\/p>\n<p>K\u00f6zrem\u0171k\u00f6dnek:<\/p>\n<p>Zombai Hagyom\u00e1ny\u0151rz\u0151 Egyes\u00fclet &#8211; vezet\u0151j\u00fck: Tol\u00e1czi J\u00f3zsef ; Nagy Krisztina \u00e9nekm\u0171v\u00e9sz \u00e9s a (F)ap\u00e1c\u00e1k \u00e9nekst\u00fadi\u00f3; zenekarunk \u00e9nekesei: Melega Kriszti\u00e1n; Seres Angelika; K. T\u00f3th P\u00e9ter; Ifj. K. T\u00f3th L\u00e1szl\u00f3; K. T\u00f3th L\u00e1szl\u00f3<br \/>\nSzaxofon sz\u00f3l\u00f3: Galyas G\u00e1bor; Git\u00e1rsz\u00f3l\u00f3: Ifj. K. T\u00f3th L\u00e1szl\u00f3<\/p>\n<p><strong>Vez\u00e9nyel: K. T\u00f3th L\u00e1szl\u00f3<\/strong><\/p>\n","protected":false},"excerpt":{"rendered":"<p>A zenekar jubileumi, XX. Szilveszteri hangverseny\u00e9nek teljes anyag\u00e1t tartalmaz\u00f3 dupla DVD. A zen\u00e9s, t\u00e1ncos darabok val\u00f3di \u00f6nfeledt sz\u00f3rakoz\u00e1st ny\u00fajtottak a k\u00e9t telth\u00e1zas el\u0151ad\u00e1s k\u00f6z\u00f6ns\u00e9g\u00e9nek. Ha ott volt valamelyik koncerten, most \u00fajra \u00e1t\u00e9lheti az \u00e9lm\u00e9nyt, melyet 5 kamer\u00e1val r\u00f6gz\u00edtett\u00fcnk. Ha lemaradt a hangversenyr\u0151l, odavar\u00e1zsoljuk a sz\u00ednh\u00e1zterem n\u00e9z\u0151ter\u00e9re 109 perc erej\u00e9ig. A dupla DVD \u00e1ra: 2.500 Ft \/9 \u20ac A lemezen l\u00e1that\u00f3 \u00e9s hallhat\u00f3 DVD 1 1, Johann Strauss: Denev\u00e9r Nyit\u00e1ny 2, Nino Rota: Az orsz\u00e1g\u00faton 3, Louis Prima: Just a Gigolo 4, Laurens Van Rooyen: La Grand Parade 5, K\u00e1lm\u00e1n Imre: Egy dr\u00e1ga szemp\u00e1r&#8230; 6, D\u00e9s L\u00e1szl\u00f3: A zene az kell&#8230; <\/p>\n","protected":false},"author":2,"featured_media":245,"parent":198,"menu_order":6,"comment_status":"open","ping_status":"open","template":"","meta":{"ngg_post_thumbnail":0,"footnotes":""},"_links":{"self":[{"href":"https:\/\/www.ofze.hu\/w\/wp-json\/wp\/v2\/pages\/243"}],"collection":[{"href":"https:\/\/www.ofze.hu\/w\/wp-json\/wp\/v2\/pages"}],"about":[{"href":"https:\/\/www.ofze.hu\/w\/wp-json\/wp\/v2\/types\/page"}],"author":[{"embeddable":true,"href":"https:\/\/www.ofze.hu\/w\/wp-json\/wp\/v2\/users\/2"}],"replies":[{"embeddable":true,"href":"https:\/\/www.ofze.hu\/w\/wp-json\/wp\/v2\/comments?post=243"}],"version-history":[{"count":18,"href":"https:\/\/www.ofze.hu\/w\/wp-json\/wp\/v2\/pages\/243\/revisions"}],"predecessor-version":[{"id":2292,"href":"https:\/\/www.ofze.hu\/w\/wp-json\/wp\/v2\/pages\/243\/revisions\/2292"}],"up":[{"embeddable":true,"href":"https:\/\/www.ofze.hu\/w\/wp-json\/wp\/v2\/pages\/198"}],"wp:featuredmedia":[{"embeddable":true,"href":"https:\/\/www.ofze.hu\/w\/wp-json\/wp\/v2\/media\/245"}],"wp:attachment":[{"href":"https:\/\/www.ofze.hu\/w\/wp-json\/wp\/v2\/media?parent=243"}],"curies":[{"name":"wp","href":"https:\/\/api.w.org\/{rel}","templated":true}]}}