{"id":248,"date":"2009-05-26T09:30:05","date_gmt":"2009-05-26T07:30:05","guid":{"rendered":"http:\/\/www.ofze.hu\/w\/?page_id=248"},"modified":"2014-01-17T01:41:29","modified_gmt":"2014-01-17T00:41:29","slug":"best-ofze-i-cd-valogatas","status":"publish","type":"page","link":"https:\/\/www.ofze.hu\/w\/ofze-bolt\/termekek\/best-ofze-i-cd-valogatas\/","title":{"rendered":"2008 &#8211; best OFze I. dupla CD v\u00e1logat\u00e1s"},"content":{"rendered":"<p><img loading=\"lazy\" decoding=\"async\" class=\"aligncenter size-full wp-image-249\" title=\"best OFze I. CD bor\u00edt\u00f3\" alt=\"best OFze I. CD bor\u00edt\u00f3\" src=\"http:\/\/www.ofze.hu\/w\/wp-content\/uploads\/2009\/05\/cd_elolap_ofze_bolt.jpg\" width=\"500\" height=\"500\" srcset=\"https:\/\/www.ofze.hu\/w\/wp-content\/uploads\/2009\/05\/cd_elolap_ofze_bolt.jpg 500w, https:\/\/www.ofze.hu\/w\/wp-content\/uploads\/2009\/05\/cd_elolap_ofze_bolt-150x150.jpg 150w, https:\/\/www.ofze.hu\/w\/wp-content\/uploads\/2009\/05\/cd_elolap_ofze_bolt-300x300.jpg 300w\" sizes=\"(max-width: 500px) 100vw, 500px\" \/><\/p>\n<p>Ham\u00eds\u00edtatlan OFZE dupla CD, mely a 2003-2007 k\u00f6z\u00f6tti Szilveszteri hangversenyek legnagyobb sikersz\u00e1mait tartalmazza.<\/p>\n<p>Az els\u0151 lemez komolyabb m\u0171fajt k\u00e9pvisel: operettek, nyit\u00e1nyok, polk\u00e1k uralj\u00e1k a teret, de bef\u00e9rt\u00a0k\u00f6z\u00e9j\u00fck egy-k\u00e9t k\u00f6nny\u0171zenei sz\u00e1m is.<\/p>\n<p>A\u00a0m\u00e1sodik korongon a k\u00f6nnyed sz\u00f3rakoz\u00e1s\u00e9 a f\u0151szerep. Musical-ek, filmzen\u00e9k csend\u00fclnek fel f\u00fav\u00f3s \u00e1tiratban, egy r\u00e9sz\u00fcket a zenekar \u00e9nekesei adj\u00e1k el\u0151.<\/p>\n<p><strong>Dupla CD\u00a0 lemez \u00e1ra: 1.500\u00a0Ft \/6 \u20ac<\/strong><\/p>\n<p><strong>A lemezen hallhat\u00f3:<\/strong><\/p>\n<p>1. cd<\/p>\n<p>1, Sz\u00f6r\u00e9nyi-Br\u00f3dy: \u00dajra itt van<br \/>\n2, Offenbach: Sz\u00e9p Hel\u00e9na nyit\u00e1ny<br \/>\n3, Leh\u00e1r Ferenc: V\u00edg\u00f6zvegy &#8211; Vilja dal<br \/>\n4, Pazeller: Herkulesf\u00fcrd\u0151i eml\u00e9k<br \/>\n5, \u00c1brah\u00e1m P\u00e1l: Honv\u00e9d Banda<br \/>\n6, Leh\u00e1r Ferenc: A mosoly orsz\u00e1ga &#8211; V\u00e1gyom egy n\u0151 ut\u00e1n<br \/>\n7, Johann Strauss: Tere-fere polka<br \/>\n8, J. W. Stole: Ap\u00e1cashow &#8211; I Will Follow Him<br \/>\n9, Jay Bocook: Queen in Concert<br \/>\n10, Paul Anka: My Way<br \/>\n11, Johann Strauss: Cig\u00e1nyb\u00e1r\u00f3 &#8211; Toborz\u00f3 \u00e9s cs\u00e1rd\u00e1s<br \/>\n12, K\u00e1lm\u00e1n Imre: \u00d6rd\u00f6glovas &#8211; Palot\u00e1s<br \/>\n13, Id. Johann Strauss: Radetzky indul\u00f3<\/p>\n<p>2. cd<\/p>\n<p>1, Johann Strauss: Cig\u00e1nyb\u00e1r\u00f3 &#8211; Nyit\u00e1ny<br \/>\n2, Loewe: My Fair Lady<br \/>\n3, Lloyd Webber: Andrew Lloyd Webber Portrait<br \/>\n4, George David Weiss: The Lion Sleeps Tonight<br \/>\n5, Hauser: Brasil Tropical<br \/>\n6, Munro: Goodbye My Love Goodbye<br \/>\n7, Leonard Bernstein: West Side Story &#8211; r\u00e9szletek<br \/>\n8, M. Kunze &#8211; S. Levay: Elisabeth &#8211; Ich geh\u00f6r nur mir<br \/>\n9, Benny Goodmann: The King of Swing<br \/>\n10, Win Laseroms: Saxamba<br \/>\n11, Bruce Broughton: Theme for JAG<\/p>\n<p><strong>Vez\u00e9nyel: K. T\u00f3th L\u00e1szl\u00f3<\/strong><\/p>\n","protected":false},"excerpt":{"rendered":"<p>Ham\u00eds\u00edtatlan OFZE dupla CD, mely a 2003-2007 k\u00f6z\u00f6tti Szilveszteri hangversenyek legnagyobb sikersz\u00e1mait tartalmazza. Az els\u0151 lemez komolyabb m\u0171fajt k\u00e9pvisel: operettek, nyit\u00e1nyok, polk\u00e1k uralj\u00e1k a teret, de bef\u00e9rt\u00a0k\u00f6z\u00e9j\u00fck egy-k\u00e9t k\u00f6nny\u0171zenei sz\u00e1m is. A\u00a0m\u00e1sodik korongon a k\u00f6nnyed sz\u00f3rakoz\u00e1s\u00e9 a f\u0151szerep. Musical-ek, filmzen\u00e9k csend\u00fclnek fel f\u00fav\u00f3s \u00e1tiratban, egy r\u00e9sz\u00fcket a zenekar \u00e9nekesei adj\u00e1k el\u0151. Dupla CD\u00a0 lemez \u00e1ra: 1.500\u00a0Ft \/6 \u20ac A lemezen hallhat\u00f3: 1. cd 1, Sz\u00f6r\u00e9nyi-Br\u00f3dy: \u00dajra itt van 2, Offenbach: Sz\u00e9p Hel\u00e9na nyit\u00e1ny 3, Leh\u00e1r Ferenc: V\u00edg\u00f6zvegy &#8211; Vilja dal 4, Pazeller: Herkulesf\u00fcrd\u0151i eml\u00e9k 5, \u00c1brah\u00e1m P\u00e1l: Honv\u00e9d Banda 6, Leh\u00e1r Ferenc: A mosoly orsz\u00e1ga &#8211; V\u00e1gyom egy n\u0151 ut\u00e1n&#8230; <\/p>\n","protected":false},"author":2,"featured_media":249,"parent":198,"menu_order":7,"comment_status":"open","ping_status":"open","template":"","meta":{"ngg_post_thumbnail":0,"footnotes":""},"_links":{"self":[{"href":"https:\/\/www.ofze.hu\/w\/wp-json\/wp\/v2\/pages\/248"}],"collection":[{"href":"https:\/\/www.ofze.hu\/w\/wp-json\/wp\/v2\/pages"}],"about":[{"href":"https:\/\/www.ofze.hu\/w\/wp-json\/wp\/v2\/types\/page"}],"author":[{"embeddable":true,"href":"https:\/\/www.ofze.hu\/w\/wp-json\/wp\/v2\/users\/2"}],"replies":[{"embeddable":true,"href":"https:\/\/www.ofze.hu\/w\/wp-json\/wp\/v2\/comments?post=248"}],"version-history":[{"count":35,"href":"https:\/\/www.ofze.hu\/w\/wp-json\/wp\/v2\/pages\/248\/revisions"}],"predecessor-version":[{"id":2293,"href":"https:\/\/www.ofze.hu\/w\/wp-json\/wp\/v2\/pages\/248\/revisions\/2293"}],"up":[{"embeddable":true,"href":"https:\/\/www.ofze.hu\/w\/wp-json\/wp\/v2\/pages\/198"}],"wp:featuredmedia":[{"embeddable":true,"href":"https:\/\/www.ofze.hu\/w\/wp-json\/wp\/v2\/media\/249"}],"wp:attachment":[{"href":"https:\/\/www.ofze.hu\/w\/wp-json\/wp\/v2\/media?parent=248"}],"curies":[{"name":"wp","href":"https:\/\/api.w.org\/{rel}","templated":true}]}}