{"id":263,"date":"2009-05-26T09:00:26","date_gmt":"2009-05-26T07:00:26","guid":{"rendered":"http:\/\/www.ofze.hu\/w\/?page_id=263"},"modified":"2014-01-17T01:41:01","modified_gmt":"2014-01-17T00:41:01","slug":"2005-xvii-szilveszteri-hangverseny","status":"publish","type":"page","link":"https:\/\/www.ofze.hu\/w\/ofze-bolt\/termekek\/2005-xvii-szilveszteri-hangverseny\/","title":{"rendered":"2005 &#8211; XVII. Szilveszteri hangverseny dupla DVD"},"content":{"rendered":"<p><img loading=\"lazy\" decoding=\"async\" class=\"aligncenter size-full wp-image-264\" title=\"XVII. Szilveszteri hangverseny DVD bor\u00edt\u00f3\" alt=\"XVII. Szilveszteri hangverseny DVD bor\u00edt\u00f3\" src=\"http:\/\/www.ofze.hu\/w\/wp-content\/uploads\/2009\/05\/dvd_05_ofze_boltba1.jpg\" width=\"500\" height=\"339\" srcset=\"https:\/\/www.ofze.hu\/w\/wp-content\/uploads\/2009\/05\/dvd_05_ofze_boltba1.jpg 500w, https:\/\/www.ofze.hu\/w\/wp-content\/uploads\/2009\/05\/dvd_05_ofze_boltba1-300x203.jpg 300w\" sizes=\"(max-width: 500px) 100vw, 500px\" \/><\/p>\n<p>A zenekar XVII. Szilveszteri hangverseny\u00e9nek teljes anyag\u00e1t tartalmaz\u00f3 dupla DVD.<\/p>\n<p>Musical \u00e9s operett \u00e9nekek,\u00a0sok f\u00fav\u00f3szene \u00e9s l\u00e1tv\u00e1nyos t\u00e1nc jellemzi a <a href=\"http:\/\/www.ofze.hu\/w\/?p=124\" target=\"_blank\">2005-\u00f6s \u00e9v hangverseny\u00e9t<\/a>. A n\u00e9pt\u00e1nc mellett a szalont\u00e1nc \u00e9s a kering\u0151 is helyett kapott ebben a m\u0171sorban.<\/p>\n<p>A f\u00fav\u00f3sok k\u00e9t kov\u00e1csa a hangverseny v\u00e9g\u00e9n a nevet\u0151izmokat is megmozgatta a karnagy seg\u00edts\u00e9g\u00e9vel.<\/p>\n<p><strong>A dupla DVD \u00e1ra: 2.000 Ft\/7 \u20ac<\/strong><\/p>\n<p><strong>A lemezen l\u00e1that\u00f3 \u00e9s hallhat\u00f3:<\/strong><\/p>\n<p>DVD 1<br \/>\n1, Florentiner: Firenzei indul\u00f3<br \/>\n2, Offenbach: Sz\u00e9p Hel\u00e9na nyit\u00e1ny<br \/>\n3, Lavender: Latin Gold<br \/>\n4, Jacobi Viktor: \u201eLe\u00e1nyv\u00e1s\u00e1r&#8221; Lucy bel\u00e9p\u0151je<br \/>\n5, Ronan Hardiman: Lord of the Dance<br \/>\n6, Padivy: Sedliacka<br \/>\n7, K\u00e1lm\u00e1n Imre: \u201e\u00d6rd\u00f6glovas&#8221; Palot\u00e1s<\/p>\n<p>DVD 2<br \/>\n1, \u00c1brah\u00e1m P\u00e1l: Honv\u00e9d Banda<br \/>\n2, Leh\u00e1r Ferenc: V\u00e1gyom egy n\u0151 ut\u00e1n<br \/>\n3, Johann Strauss: K\u00e9k Duna kering\u0151<br \/>\n4, Leh\u00e1r Ferenc: \u201eV\u00edg\u00f6zvegy&#8221; Vilja dal<br \/>\n5, Jay Bocook: Queen in Concert<br \/>\n6, Loewe: My Fair Lady<br \/>\n7, Josef Strauss: T\u0171z\u00fcnnep<br \/>\n8, Jean Treves: Samba for Band<br \/>\n9, Johann Strauss: Radetzky-indul\u00f3<\/p>\n<p><center><object width=\"425\" height=\"344\" classid=\"clsid:d27cdb6e-ae6d-11cf-96b8-444553540000\" codebase=\"http:\/\/download.macromedia.com\/pub\/shockwave\/cabs\/flash\/swflash.cab#version=6,0,40,0\"><param name=\"allowFullScreen\" value=\"true\" \/><param name=\"allowscriptaccess\" value=\"always\" \/><param name=\"src\" value=\"http:\/\/www.youtube.com\/v\/K2ZZdDym8-c&amp;hl=en&amp;fs=1&amp;color1=0xe1600f&amp;color2=0xfebd01\" \/><param name=\"allowfullscreen\" value=\"true\" \/><embed width=\"425\" height=\"344\" type=\"application\/x-shockwave-flash\" src=\"http:\/\/www.youtube.com\/v\/K2ZZdDym8-c&amp;hl=en&amp;fs=1&amp;color1=0xe1600f&amp;color2=0xfebd01\" allowFullScreen=\"true\" allowscriptaccess=\"always\" allowfullscreen=\"true\" \/><\/object><\/center>2005. december 29. Orosh\u00e1za, E\u00f6tv\u00f6s t\u00e9ri Sportcsarnok<\/p>\n<p>K\u00f6zrem\u0171k\u00f6dnek:<br \/>\nNagy Krisztina &#8211; \u00e9nekm\u0171v\u00e9sz; Seres Angelika; K. T\u00f3th P\u00e9ter; Melega Kriszti\u00e1n, Kov\u00e1cs P\u00e9ter; K. T\u00f3th L\u00e1szl\u00f3;\u00a0Zombai Hagyom\u00e1ny\u0151rz\u0151 Egyes\u00fclet &#8211; vezet\u0151j\u00fck: Tol\u00e1czi J\u00f3zsef;\u00a0Pitvarosi feln\u0151tt t\u00e1nccsoport valamint a \u201eHarm\u00f3nia&#8221; ifj\u00fas\u00e1gi form\u00e1ci\u00f3s csoport Orosh\u00e1za &#8211; vezet\u0151j\u00fck: Antali Zolt\u00e1n<\/p>\n","protected":false},"excerpt":{"rendered":"<p>A zenekar XVII. Szilveszteri hangverseny\u00e9nek teljes anyag\u00e1t tartalmaz\u00f3 dupla DVD. Musical \u00e9s operett \u00e9nekek,\u00a0sok f\u00fav\u00f3szene \u00e9s l\u00e1tv\u00e1nyos t\u00e1nc jellemzi a 2005-\u00f6s \u00e9v hangverseny\u00e9t. A n\u00e9pt\u00e1nc mellett a szalont\u00e1nc \u00e9s a kering\u0151 is helyett kapott ebben a m\u0171sorban. A f\u00fav\u00f3sok k\u00e9t kov\u00e1csa a hangverseny v\u00e9g\u00e9n a nevet\u0151izmokat is megmozgatta a karnagy seg\u00edts\u00e9g\u00e9vel. A dupla DVD \u00e1ra: 2.000 Ft\/7 \u20ac A lemezen l\u00e1that\u00f3 \u00e9s hallhat\u00f3: DVD 1 1, Florentiner: Firenzei indul\u00f3 2, Offenbach: Sz\u00e9p Hel\u00e9na nyit\u00e1ny 3, Lavender: Latin Gold 4, Jacobi Viktor: \u201eLe\u00e1nyv\u00e1s\u00e1r&#8221; Lucy bel\u00e9p\u0151je 5, Ronan Hardiman: Lord of the Dance 6, Padivy: Sedliacka 7, K\u00e1lm\u00e1n Imre: \u201e\u00d6rd\u00f6glovas&#8221; Palot\u00e1s DVD&#8230; <\/p>\n","protected":false},"author":2,"featured_media":264,"parent":198,"menu_order":10,"comment_status":"open","ping_status":"open","template":"","meta":{"ngg_post_thumbnail":0,"footnotes":""},"_links":{"self":[{"href":"https:\/\/www.ofze.hu\/w\/wp-json\/wp\/v2\/pages\/263"}],"collection":[{"href":"https:\/\/www.ofze.hu\/w\/wp-json\/wp\/v2\/pages"}],"about":[{"href":"https:\/\/www.ofze.hu\/w\/wp-json\/wp\/v2\/types\/page"}],"author":[{"embeddable":true,"href":"https:\/\/www.ofze.hu\/w\/wp-json\/wp\/v2\/users\/2"}],"replies":[{"embeddable":true,"href":"https:\/\/www.ofze.hu\/w\/wp-json\/wp\/v2\/comments?post=263"}],"version-history":[{"count":15,"href":"https:\/\/www.ofze.hu\/w\/wp-json\/wp\/v2\/pages\/263\/revisions"}],"predecessor-version":[{"id":2299,"href":"https:\/\/www.ofze.hu\/w\/wp-json\/wp\/v2\/pages\/263\/revisions\/2299"}],"up":[{"embeddable":true,"href":"https:\/\/www.ofze.hu\/w\/wp-json\/wp\/v2\/pages\/198"}],"wp:featuredmedia":[{"embeddable":true,"href":"https:\/\/www.ofze.hu\/w\/wp-json\/wp\/v2\/media\/264"}],"wp:attachment":[{"href":"https:\/\/www.ofze.hu\/w\/wp-json\/wp\/v2\/media?parent=263"}],"curies":[{"name":"wp","href":"https:\/\/api.w.org\/{rel}","templated":true}]}}