{"id":78,"date":"2009-05-22T21:38:38","date_gmt":"2009-05-22T19:38:38","guid":{"rendered":"http:\/\/www.ofze.hu\/w\/?page_id=78"},"modified":"2019-07-19T16:43:26","modified_gmt":"2019-07-19T14:43:26","slug":"hivatalos","status":"publish","type":"page","link":"https:\/\/www.ofze.hu\/w\/hivatalos\/","title":{"rendered":"Az Orosh\u00e1zi F\u00fav\u00f3szenekari Egyes\u00fclet Alapszab\u00e1lya"},"content":{"rendered":"\n<p>Egys\u00e9ges szerkezetbe foglaltan a 2019. \u00e1prilis 5. napj\u00e1n meghozott v\u00e1ltoz\u00e1sokkal. Kattintson a k\u00e9pre.<span style=\"font-weight: 400;\"><br><\/span><\/p>\n\n\n\n<a href=\"http:\/\/www.ofze.hu\/w\/wp-content\/uploads\/2019\/07\/OFZE-elfogadott-alapszabaly-2019-04-05.pdf\" target=\"_blank\" rel=\"noopener noreferrer\"><figure class=\"wp-block-image\"><img loading=\"lazy\" decoding=\"async\" width=\"642\" height=\"913\" src=\"http:\/\/www.ofze.hu\/w\/wp-content\/uploads\/2019\/07\/190719_2019_alapszabaly_fedolap.jpg\" alt=\"\" class=\"wp-image-3105\" srcset=\"https:\/\/www.ofze.hu\/w\/wp-content\/uploads\/2019\/07\/190719_2019_alapszabaly_fedolap.jpg 642w, https:\/\/www.ofze.hu\/w\/wp-content\/uploads\/2019\/07\/190719_2019_alapszabaly_fedolap-211x300.jpg 211w\" sizes=\"(max-width: 642px) 100vw, 642px\" \/><\/figure><\/a>\n\n\n\n<p><\/p>\n","protected":false},"excerpt":{"rendered":"<p>Egys\u00e9ges szerkezetbe foglaltan a 2019. \u00e1prilis 5. napj\u00e1n meghozott v\u00e1ltoz\u00e1sokkal. Kattintson a k\u00e9pre.<\/p>\n","protected":false},"author":7,"featured_media":3073,"parent":0,"menu_order":0,"comment_status":"closed","ping_status":"closed","template":"","meta":{"ngg_post_thumbnail":0,"footnotes":""},"_links":{"self":[{"href":"https:\/\/www.ofze.hu\/w\/wp-json\/wp\/v2\/pages\/78"}],"collection":[{"href":"https:\/\/www.ofze.hu\/w\/wp-json\/wp\/v2\/pages"}],"about":[{"href":"https:\/\/www.ofze.hu\/w\/wp-json\/wp\/v2\/types\/page"}],"author":[{"embeddable":true,"href":"https:\/\/www.ofze.hu\/w\/wp-json\/wp\/v2\/users\/7"}],"replies":[{"embeddable":true,"href":"https:\/\/www.ofze.hu\/w\/wp-json\/wp\/v2\/comments?post=78"}],"version-history":[{"count":20,"href":"https:\/\/www.ofze.hu\/w\/wp-json\/wp\/v2\/pages\/78\/revisions"}],"predecessor-version":[{"id":3113,"href":"https:\/\/www.ofze.hu\/w\/wp-json\/wp\/v2\/pages\/78\/revisions\/3113"}],"wp:featuredmedia":[{"embeddable":true,"href":"https:\/\/www.ofze.hu\/w\/wp-json\/wp\/v2\/media\/3073"}],"wp:attachment":[{"href":"https:\/\/www.ofze.hu\/w\/wp-json\/wp\/v2\/media?parent=78"}],"curies":[{"name":"wp","href":"https:\/\/api.w.org\/{rel}","templated":true}]}}